{"id":355,"date":"2024-10-08T19:00:05","date_gmt":"2024-10-08T17:00:05","guid":{"rendered":"https:\/\/www.asclauzerville.org\/?page_id=355"},"modified":"2026-02-12T21:15:19","modified_gmt":"2026-02-12T20:15:19","slug":"chorale","status":"publish","type":"page","link":"https:\/\/www.asclauzerville.org\/index.php\/chorale\/","title":{"rendered":"Chorale"},"content":{"rendered":"<div class=\"wp-block-image\">\n<figure class=\"aligncenter size-large\"><img loading=\"lazy\" decoding=\"async\" width=\"1024\" height=\"768\" src=\"https:\/\/www.asclauzerville.org\/wp-content\/uploads\/2026\/02\/IMG-20251007-WA0006-1024x768.jpg\" alt=\"\" class=\"wp-image-600\" srcset=\"https:\/\/www.asclauzerville.org\/wp-content\/uploads\/2026\/02\/IMG-20251007-WA0006-1024x768.jpg 1024w, https:\/\/www.asclauzerville.org\/wp-content\/uploads\/2026\/02\/IMG-20251007-WA0006-300x225.jpg 300w, https:\/\/www.asclauzerville.org\/wp-content\/uploads\/2026\/02\/IMG-20251007-WA0006-768x576.jpg 768w, https:\/\/www.asclauzerville.org\/wp-content\/uploads\/2026\/02\/IMG-20251007-WA0006-1536x1152.jpg 1536w, https:\/\/www.asclauzerville.org\/wp-content\/uploads\/2026\/02\/IMG-20251007-WA0006-2048x1536.jpg 2048w\" sizes=\"auto, (max-width: 1024px) 100vw, 1024px\" \/><figcaption class=\"wp-element-caption\"><strong>\ud83c\udfb6 Envie de chanter ? Rejoignez notre belle \u00e9quipe tous les mardis soir !<br>Ambiance conviviale garantie.<br>Les hommes sont les bienvenus ! \ud83c\udfb5<\/strong><\/figcaption><\/figure>\n<\/div>\n\n\n<p>La respiration, le placement vocal, l\u2019interpr\u00e9tation tout en s\u2019amusant.<\/p>\n\n\n\n<p><strong>Venez d\u00e9couvrir le chant choral avec Ma\u00ebva Del Pino !<\/strong><\/p>\n\n\n\n<p>&nbsp;Chanteuse, compositrice, arrangeuse, musicienne intervenante en milieu scolaire, cheffe de ch\u0153ur\u2026<\/p>\n\n\n\n<p>Ma\u00ebva Del Pino est une artiste et une p\u00e9dagogue qui fait rayonner le chant choral dans la r\u00e9gion depuis plusieurs ann\u00e9es gr\u00e2ce \u00e0 des r\u00e9pertoires \u00e9clectiques et des arrangements de grande qualit\u00e9.&nbsp;<\/p>\n\n\n\n<p>&nbsp;Pas besoin d\u2019avoir d\u00e9j\u00e0&nbsp;chant\u00e9 ou de savoir lire la musique, seule la motivation compte !&nbsp;<\/p>\n\n\n\n<p><strong>&nbsp;R\u00e9p\u00e9tition tous les mardis de 20h30 \u00e0 22h dans la salle des f\u00eates de Lauzerville.<\/strong><\/p>\n\n\n\n<div class=\"wp-block-cover has-small-font-size\" style=\"min-height:558px;aspect-ratio:unset;\"><img loading=\"lazy\" decoding=\"async\" width=\"1067\" height=\"1600\" class=\"wp-block-cover__image-background wp-image-602\" alt=\"\" src=\"https:\/\/www.asclauzerville.org\/wp-content\/uploads\/2026\/02\/IMG-20240912-WA0010-edited.jpg\" style=\"object-position:38% 27%\" data-object-fit=\"cover\" data-object-position=\"38% 27%\" srcset=\"https:\/\/www.asclauzerville.org\/wp-content\/uploads\/2026\/02\/IMG-20240912-WA0010-edited.jpg 1067w, https:\/\/www.asclauzerville.org\/wp-content\/uploads\/2026\/02\/IMG-20240912-WA0010-edited-200x300.jpg 200w, https:\/\/www.asclauzerville.org\/wp-content\/uploads\/2026\/02\/IMG-20240912-WA0010-edited-683x1024.jpg 683w, https:\/\/www.asclauzerville.org\/wp-content\/uploads\/2026\/02\/IMG-20240912-WA0010-edited-768x1152.jpg 768w, https:\/\/www.asclauzerville.org\/wp-content\/uploads\/2026\/02\/IMG-20240912-WA0010-edited-1024x1536.jpg 1024w\" sizes=\"auto, (max-width: 1067px) 100vw, 1067px\" \/><span aria-hidden=\"true\" class=\"wp-block-cover__background has-background-dim-20 has-background-dim\"><\/span><div class=\"wp-block-cover__inner-container is-layout-flow wp-block-cover-is-layout-flow\">\n<p class=\"has-text-align-center has-medium-font-size\"><\/p>\n<\/div><\/div>\n\n\n\n<p><\/p>\n\n\n\n<p>Si vous \u00eates int\u00e9ress\u00e9, merci d&rsquo;<strong>envoyer un mail avec vos nom et pr\u00e9nom \u00e0 asclauzerville@gmail.com<\/strong><\/p>\n\n\n\n<p><\/p>\n","protected":false},"excerpt":{"rendered":"<p>La respiration, le placement vocal, l\u2019interpr\u00e9tation tout en s\u2019amusant. Venez d\u00e9couvrir le chant choral avec Ma\u00ebva Del Pino ! &nbsp;Chanteuse, &hellip; <\/p>\n","protected":false},"author":3,"featured_media":0,"parent":0,"menu_order":0,"comment_status":"closed","ping_status":"closed","template":"","meta":{"footnotes":""},"class_list":["post-355","page","type-page","status-publish","hentry"],"_links":{"self":[{"href":"https:\/\/www.asclauzerville.org\/index.php\/wp-json\/wp\/v2\/pages\/355","targetHints":{"allow":["GET"]}}],"collection":[{"href":"https:\/\/www.asclauzerville.org\/index.php\/wp-json\/wp\/v2\/pages"}],"about":[{"href":"https:\/\/www.asclauzerville.org\/index.php\/wp-json\/wp\/v2\/types\/page"}],"author":[{"embeddable":true,"href":"https:\/\/www.asclauzerville.org\/index.php\/wp-json\/wp\/v2\/users\/3"}],"replies":[{"embeddable":true,"href":"https:\/\/www.asclauzerville.org\/index.php\/wp-json\/wp\/v2\/comments?post=355"}],"version-history":[{"count":14,"href":"https:\/\/www.asclauzerville.org\/index.php\/wp-json\/wp\/v2\/pages\/355\/revisions"}],"predecessor-version":[{"id":612,"href":"https:\/\/www.asclauzerville.org\/index.php\/wp-json\/wp\/v2\/pages\/355\/revisions\/612"}],"wp:attachment":[{"href":"https:\/\/www.asclauzerville.org\/index.php\/wp-json\/wp\/v2\/media?parent=355"}],"curies":[{"name":"wp","href":"https:\/\/api.w.org\/{rel}","templated":true}]}}