{"id":17,"date":"2023-12-03T18:18:54","date_gmt":"2023-12-03T17:18:54","guid":{"rendered":"http:\/\/asclauzerville.org\/?page_id=17"},"modified":"2026-02-12T10:24:00","modified_gmt":"2026-02-12T09:24:00","slug":"notre-association","status":"publish","type":"page","link":"https:\/\/www.asclauzerville.org\/index.php\/notre-association\/","title":{"rendered":"Notre association"},"content":{"rendered":"\n<h2 class=\"wp-block-heading\"><strong>Association Sportive et Culturelle de Lauzerville (ASCL)<\/strong><\/h2>\n\n\n\n<p>L&rsquo;ASCL est une association de type \u201cloi 1901\u201d. Les membres du bureau pour l&rsquo;ann\u00e9e 2025-2026 sont :<\/p>\n\n\n\n<ul class=\"wp-block-list\">\n<li>Pr\u00e9sidente : V\u00e9ronique WINKEL<\/li>\n\n\n\n<li>Tr\u00e9sori\u00e8re : Claudine BEZIAT<\/li>\n\n\n\n<li>Secr\u00e9taire : Corinne ALIPHAT<\/li>\n<\/ul>\n\n\n\n<p>Toute l&rsquo;\u00e9quipe propose aux habitants de la commune des activit\u00e9s r\u00e9guli\u00e8res : Yoga, pilates, renforcement musculaire, cours de gym, hip-hop, th\u00e9\u00e2tre (enfants et ados), \u00e9veil et motricit\u00e9, peinture, activit\u00e9s 55 ans et + (randonn\u00e9es, belote, jeux de cartes\/soci\u00e9t\u00e9). Ces activit\u00e9s peuvent varier en fonction des demandes et de leur succ\u00e8s.<\/p>\n\n\n\n<h2 class=\"wp-block-heading\">Vous pouvez contacter les responsables <\/h2>\n\n\n\n<ul class=\"wp-block-list\">\n<li>par courrier : ASCL 1, avenue de la mairie 31650 Lauzerville.<br>Une bo\u00eete aux lettres est \u00e0 votre disposition \u00e0 c\u00f4t\u00e9 de la mairie.<\/li>\n\n\n\n<li>par mail :&nbsp;<a rel=\"noreferrer noopener\" href=\"mailto:asclauzerville@gmail.com\" target=\"_blank\">asclauzerville@gmail.com<\/a><\/li>\n<\/ul>\n\n\n\n<h2 class=\"wp-block-heading\">Calendrier<\/h2>\n\n\n\n<p>Notre assembl\u00e9e g\u00e9n\u00e9rale a lieu en octobre\/novembre.<\/p>\n\n\n\n<p>Les pr\u00e9inscriptions aux activit\u00e9s ont lieu en juin (recommand\u00e9 pour les activit\u00e9s \u00e0 forte demande). Les inscriptions annuelles ont lieu lors de la journ\u00e9e des associations organis\u00e9e par la Mairie. Les adh\u00e9rents doivent \u00eatre \u00e0 jour de leur inscription (document et r\u00e8glement) au 1er octobre pour pouvoir participer aux activit\u00e9s.<\/p>\n\n\n\n<h2 class=\"wp-block-heading\">Documents annexes<\/h2>\n\n\n\n<p>Statuts de l&rsquo;association<\/p>\n\n\n\n<div class=\"wp-block-file\"><a id=\"wp-block-file--media-5570b493-5d27-479b-9f55-33a64edb0e31\" href=\"https:\/\/www.asclauzerville.org\/wp-content\/uploads\/2025\/06\/Reglement-interieur-pdf.pdf\">Re\u0300glement-inte\u0301rieur-pdf<\/a><a href=\"https:\/\/www.asclauzerville.org\/wp-content\/uploads\/2025\/06\/Reglement-interieur-pdf.pdf\" class=\"wp-block-file__button wp-element-button\" download aria-describedby=\"wp-block-file--media-5570b493-5d27-479b-9f55-33a64edb0e31\">T\u00e9l\u00e9charger<\/a><\/div>\n\n\n\n<div class=\"wp-block-file\"><a id=\"wp-block-file--media-da498b73-18d0-44fd-9777-017139b5b0d1\" href=\"https:\/\/www.asclauzerville.org\/wp-content\/uploads\/2023\/05\/STATUTS-SIGNES-MAJ-27-11-2017.pdf\">STATUTS-SIGNES-MAJ-27-11-2017<\/a><a href=\"https:\/\/www.asclauzerville.org\/wp-content\/uploads\/2023\/05\/STATUTS-SIGNES-MAJ-27-11-2017.pdf\" class=\"wp-block-file__button wp-element-button\" download aria-describedby=\"wp-block-file--media-da498b73-18d0-44fd-9777-017139b5b0d1\">T\u00e9l\u00e9charger<\/a><\/div>\n","protected":false},"excerpt":{"rendered":"<p>Association Sportive et Culturelle de Lauzerville (ASCL) L&rsquo;ASCL est une association de type \u201cloi 1901\u201d. Les membres du bureau pour &hellip; <\/p>\n","protected":false},"author":1,"featured_media":0,"parent":0,"menu_order":0,"comment_status":"closed","ping_status":"closed","template":"","meta":{"footnotes":""},"class_list":["post-17","page","type-page","status-publish","hentry"],"_links":{"self":[{"href":"https:\/\/www.asclauzerville.org\/index.php\/wp-json\/wp\/v2\/pages\/17","targetHints":{"allow":["GET"]}}],"collection":[{"href":"https:\/\/www.asclauzerville.org\/index.php\/wp-json\/wp\/v2\/pages"}],"about":[{"href":"https:\/\/www.asclauzerville.org\/index.php\/wp-json\/wp\/v2\/types\/page"}],"author":[{"embeddable":true,"href":"https:\/\/www.asclauzerville.org\/index.php\/wp-json\/wp\/v2\/users\/1"}],"replies":[{"embeddable":true,"href":"https:\/\/www.asclauzerville.org\/index.php\/wp-json\/wp\/v2\/comments?post=17"}],"version-history":[{"count":9,"href":"https:\/\/www.asclauzerville.org\/index.php\/wp-json\/wp\/v2\/pages\/17\/revisions"}],"predecessor-version":[{"id":575,"href":"https:\/\/www.asclauzerville.org\/index.php\/wp-json\/wp\/v2\/pages\/17\/revisions\/575"}],"wp:attachment":[{"href":"https:\/\/www.asclauzerville.org\/index.php\/wp-json\/wp\/v2\/media?parent=17"}],"curies":[{"name":"wp","href":"https:\/\/api.w.org\/{rel}","templated":true}]}}