{"id":134,"date":"2023-05-09T21:10:14","date_gmt":"2023-05-09T19:10:14","guid":{"rendered":"https:\/\/www.asclauzerville.org\/?page_id=134"},"modified":"2023-05-09T22:22:44","modified_gmt":"2023-05-09T20:22:44","slug":"informations-complementaires","status":"publish","type":"page","link":"https:\/\/www.asclauzerville.org\/index.php\/informations-complementaires\/","title":{"rendered":"Association Sportive et Culturelle de Lauzerville (ASCL)"},"content":{"rendered":"\n<p>L&rsquo;ASCL est une association de type \u201cloi 1901\u201d qui  propose aux habitants de la commune des activit\u00e9s r\u00e9guli\u00e8res : Yoga, pilates, renforcement musculaire, cours de gym, hip-hop, th\u00e9\u00e2tre (enfants et ados), \u00e9veil et motricit\u00e9, peinture, activit\u00e9s 55 ans et + (randonn\u00e9es, belote, jeux de cartes\/soci\u00e9t\u00e9). Ces activit\u00e9s peuvent varier en fonction des demandes et de leur succ\u00e8s.<\/p>\n","protected":false},"excerpt":{"rendered":"<p>L&rsquo;ASCL est une association de type \u201cloi 1901\u201d qui propose aux habitants de la commune des activit\u00e9s r\u00e9guli\u00e8res : Yoga, &hellip; <\/p>\n","protected":false},"author":1,"featured_media":0,"parent":0,"menu_order":0,"comment_status":"closed","ping_status":"closed","template":"","meta":{"footnotes":""},"class_list":["post-134","page","type-page","status-publish","hentry"],"_links":{"self":[{"href":"https:\/\/www.asclauzerville.org\/index.php\/wp-json\/wp\/v2\/pages\/134","targetHints":{"allow":["GET"]}}],"collection":[{"href":"https:\/\/www.asclauzerville.org\/index.php\/wp-json\/wp\/v2\/pages"}],"about":[{"href":"https:\/\/www.asclauzerville.org\/index.php\/wp-json\/wp\/v2\/types\/page"}],"author":[{"embeddable":true,"href":"https:\/\/www.asclauzerville.org\/index.php\/wp-json\/wp\/v2\/users\/1"}],"replies":[{"embeddable":true,"href":"https:\/\/www.asclauzerville.org\/index.php\/wp-json\/wp\/v2\/comments?post=134"}],"version-history":[{"count":3,"href":"https:\/\/www.asclauzerville.org\/index.php\/wp-json\/wp\/v2\/pages\/134\/revisions"}],"predecessor-version":[{"id":185,"href":"https:\/\/www.asclauzerville.org\/index.php\/wp-json\/wp\/v2\/pages\/134\/revisions\/185"}],"wp:attachment":[{"href":"https:\/\/www.asclauzerville.org\/index.php\/wp-json\/wp\/v2\/media?parent=134"}],"curies":[{"name":"wp","href":"https:\/\/api.w.org\/{rel}","templated":true}]}}