{"id":13,"date":"2023-03-17T19:41:39","date_gmt":"2023-03-17T18:41:39","guid":{"rendered":"http:\/\/asclauzerville.org\/?page_id=13"},"modified":"2023-05-09T22:28:08","modified_gmt":"2023-05-09T20:28:08","slug":"peinture","status":"publish","type":"page","link":"https:\/\/www.asclauzerville.org\/index.php\/peinture\/","title":{"rendered":"Peinture"},"content":{"rendered":"\n<p><strong>Pr\u00e9sentation Activit\u00e9 Peinture<\/strong><\/p>\n\n\n\n<p>L\u2019atelier Peinture rassemble un groupe d\u2019adultes ayant une envie commune de s\u2019exprimer par la peinture (huile, acrylique essentiellement). Il n\u2019est pas n\u00e9cessaire de \u201csavoir\u201d dessiner ou peindre. <\/p>\n\n\n\n<p>C\u2019est l\u2019envie qui est notre moteur.<\/p>\n\n\n\n<p>L\u2019ambiance est d\u00e9contract\u00e9e et sans jugement. Corinne vous guide que vous soyez d\u00e9butant ou plus averti.&nbsp;<\/p>\n\n\n\n<p><\/p>\n\n\n\n<figure class=\"wp-block-image\"><img decoding=\"async\" src=\"https:\/\/lh3.googleusercontent.com\/IU6MW_nrDYdQP-XVz708EjYKleua6LXvFlbNenbqzAx0p2XNI-vQdPurQGOOY40rI7rO0mY4RFz7sNav4a3XJZvEhgNcqoArkUQczsnD6dhqVQZ66I0GEqQ4B2EMEcodcHu2COUiHScp2EbOMI3PtLA\" alt=\"\"\/><\/figure>\n","protected":false},"excerpt":{"rendered":"<p>Pr\u00e9sentation Activit\u00e9 Peinture L\u2019atelier Peinture rassemble un groupe d\u2019adultes ayant une envie commune de s\u2019exprimer par la peinture (huile, acrylique &hellip; <\/p>\n","protected":false},"author":1,"featured_media":0,"parent":0,"menu_order":0,"comment_status":"closed","ping_status":"closed","template":"","meta":{"footnotes":""},"class_list":["post-13","page","type-page","status-publish","hentry"],"_links":{"self":[{"href":"https:\/\/www.asclauzerville.org\/index.php\/wp-json\/wp\/v2\/pages\/13","targetHints":{"allow":["GET"]}}],"collection":[{"href":"https:\/\/www.asclauzerville.org\/index.php\/wp-json\/wp\/v2\/pages"}],"about":[{"href":"https:\/\/www.asclauzerville.org\/index.php\/wp-json\/wp\/v2\/types\/page"}],"author":[{"embeddable":true,"href":"https:\/\/www.asclauzerville.org\/index.php\/wp-json\/wp\/v2\/users\/1"}],"replies":[{"embeddable":true,"href":"https:\/\/www.asclauzerville.org\/index.php\/wp-json\/wp\/v2\/comments?post=13"}],"version-history":[{"count":5,"href":"https:\/\/www.asclauzerville.org\/index.php\/wp-json\/wp\/v2\/pages\/13\/revisions"}],"predecessor-version":[{"id":107,"href":"https:\/\/www.asclauzerville.org\/index.php\/wp-json\/wp\/v2\/pages\/13\/revisions\/107"}],"wp:attachment":[{"href":"https:\/\/www.asclauzerville.org\/index.php\/wp-json\/wp\/v2\/media?parent=13"}],"curies":[{"name":"wp","href":"https:\/\/api.w.org\/{rel}","templated":true}]}}